{"id":204,"date":"2021-01-26T10:29:16","date_gmt":"2021-01-26T10:29:16","guid":{"rendered":"https:\/\/premiumfitness.es\/?post_type=product&#038;p=204"},"modified":"2021-01-26T10:35:17","modified_gmt":"2021-01-26T10:35:17","slug":"femoral-sentado-pf-x6001","status":"publish","type":"product","link":"https:\/\/premiumfitness.es\/index.php\/product\/femoral-sentado-pf-x6001\/","title":{"rendered":"Femoral sentado PF-X6001"},"content":{"rendered":"<p>[et_pb_section fb_built=\u00bb1&#8243; _builder_version=\u00bb3.22&#8243; custom_padding=\u00bb0px||||false|false\u00bb][et_pb_row _builder_version=\u00bb3.25&#8243; background_size=\u00bbinitial\u00bb background_position=\u00bbtop_left\u00bb background_repeat=\u00bbrepeat\u00bb width=\u00bb100%\u00bb custom_padding=\u00bb0px||0px||false|false\u00bb][et_pb_column type=\u00bb4_4&#8243; _builder_version=\u00bb3.25&#8243; custom_padding=\u00bb|||\u00bb custom_padding__hover=\u00bb|||\u00bb][et_pb_wc_breadcrumb _builder_version=\u00bb3.0.47&#8243;][\/et_pb_wc_breadcrumb][et_pb_wc_cart_notice _builder_version=\u00bb3.0.47&#8243;][\/et_pb_wc_cart_notice][et_pb_wc_cart_notice _builder_version=\u00bb3.0.47&#8243;][\/et_pb_wc_cart_notice][\/et_pb_column][\/et_pb_row][et_pb_row column_structure=\u00bb1_2,1_2&#8243; _builder_version=\u00bb3.25&#8243; background_size=\u00bbinitial\u00bb background_position=\u00bbtop_left\u00bb background_repeat=\u00bbrepeat\u00bb width=\u00bb100%\u00bb custom_padding=\u00bb0px||||false|false\u00bb][et_pb_column type=\u00bb1_2&#8243; _builder_version=\u00bb3.25&#8243; custom_padding=\u00bb|||\u00bb custom_padding__hover=\u00bb|||\u00bb][et_pb_wc_images _builder_version=\u00bb3.0.47&#8243;][\/et_pb_wc_images][\/et_pb_column][et_pb_column type=\u00bb1_2&#8243; _builder_version=\u00bb3.25&#8243; custom_padding=\u00bb|||\u00bb custom_padding__hover=\u00bb|||\u00bb][et_pb_wc_title _builder_version=\u00bb3.0.47&#8243;][\/et_pb_wc_title][et_pb_wc_rating _builder_version=\u00bb3.0.47&#8243;][\/et_pb_wc_rating][et_pb_wc_price _builder_version=\u00bb3.0.47&#8243;][\/et_pb_wc_price][et_pb_wc_description _builder_version=\u00bb3.0.47&#8243;][\/et_pb_wc_description][et_pb_wc_add_to_cart _builder_version=\u00bb3.0.47&#8243;][\/et_pb_wc_add_to_cart][et_pb_wc_meta _builder_version=\u00bb3.0.47&#8243;][\/et_pb_wc_meta][\/et_pb_column][\/et_pb_row][et_pb_row _builder_version=\u00bb3.25&#8243; background_size=\u00bbinitial\u00bb background_position=\u00bbtop_left\u00bb background_repeat=\u00bbrepeat\u00bb width=\u00bb100%\u00bb][et_pb_column type=\u00bb4_4&#8243; _builder_version=\u00bb3.25&#8243; custom_padding=\u00bb|||\u00bb custom_padding__hover=\u00bb|||\u00bb][et_pb_wc_tabs _builder_version=\u00bb3.0.47&#8243;] [\/et_pb_wc_tabs][et_pb_wc_upsells _builder_version=\u00bb3.0.47&#8243;][\/et_pb_wc_upsells][et_pb_wc_related_products _builder_version=\u00bb3.0.47&#8243;][\/et_pb_wc_related_products][\/et_pb_column][\/et_pb_row][\/et_pb_section]<\/p>\n","protected":false},"excerpt":{"rendered":"<p>M\u00e1quina de placas Femoral sentado. El asiento y la almohadilla del respaldo ajustables. Almohadilla de rodillo tibial ajustable. Doble rodillo. Pila de pesas: 95 kg.<\/p>\n","protected":false},"featured_media":205,"template":"","meta":{"_et_pb_use_builder":"on","_et_pb_old_content":"N\u00famero de art\u00edculo: PF- X6001\r\n\r\nNombre: Femoral sentado\r\n\r\nTama\u00f1o de la m\u00e1quina mm: 1130 * 1120 * 1520\r\n\r\nTubo: tubo de acero ovalado de 60 * 120 * 3 mm\r\n\r\nPila de pesas: 95 kg\r\n\r\nPeso de la m\u00e1quina: 210 kg\r\n\r\nCaracter\u00edsticas\r\n<ul>\r\n \t<li>El asiento y la almohadilla del respaldo se ajustan juntos para asegurar una comodidad y un apoyo constantes mientras se minimiza la constricci\u00f3n de los isquiotibiales.<\/li>\r\n \t<li>El ajuste del rango de liberaci\u00f3n del bot\u00f3n del pulgar ajusta el \u00e1ngulo de inicio y facilita la entrada y salida de la m\u00e1quina.<\/li>\r\n \t<li>La entrada de doble rodillo elimina un ajuste de las tradicionales flexiones de piernas sentado y minimiza la posibilidad de hiperextensi\u00f3n de la rodilla.<\/li>\r\n<\/ul>\r\n\u00b7 Almohadilla de rodillo tibial ajustable para adaptarse a usuarios de todas las alturas.","_et_gb_content_width":""},"product_cat":[19],"product_tag":[51,47,50,52],"yoast_head":"<!-- This site is optimized with the Yoast SEO plugin v17.0 - https:\/\/yoast.com\/wordpress\/plugins\/seo\/ -->\n<title>Femoral sentado PF-X6001 - Premium Fitness<\/title>\n<meta name=\"description\" content=\"M\u00e1quina de placas Femoral sentado. El asiento y la almohadilla del respaldo ajustables. Almohadilla de rodillo tibial ajustable. Doble rodillo. Pila de pesas: 95 kg.\u00a0\" \/>\n<meta name=\"robots\" content=\"index, follow, max-snippet:-1, max-image-preview:large, max-video-preview:-1\" \/>\n<link rel=\"canonical\" href=\"https:\/\/premiumfitness.es\/index.php\/product\/femoral-sentado-pf-x6001\/\" \/>\n<meta property=\"og:locale\" content=\"es_ES\" \/>\n<meta property=\"og:type\" content=\"article\" \/>\n<meta property=\"og:title\" content=\"Femoral sentado PF-X6001 - Premium Fitness\" \/>\n<meta property=\"og:description\" content=\"M\u00e1quina de placas Femoral sentado. El asiento y la almohadilla del respaldo ajustables. Almohadilla de rodillo tibial ajustable. Doble rodillo. Pila de pesas: 95 kg.\u00a0\" \/>\n<meta property=\"og:url\" content=\"https:\/\/premiumfitness.es\/index.php\/product\/femoral-sentado-pf-x6001\/\" \/>\n<meta property=\"og:site_name\" content=\"Premium Fitness\" \/>\n<meta property=\"article:modified_time\" content=\"2021-01-26T10:35:17+00:00\" \/>\n<meta property=\"og:image\" content=\"https:\/\/premiumfitness.es\/wp-content\/uploads\/2021\/01\/femoral1.jpg\" \/>\n\t<meta property=\"og:image:width\" content=\"622\" \/>\n\t<meta property=\"og:image:height\" content=\"350\" \/>\n<meta name=\"twitter:card\" content=\"summary_large_image\" \/>\n<meta name=\"twitter:label1\" content=\"Tiempo de lectura\" \/>\n\t<meta name=\"twitter:data1\" content=\"1 minuto\" \/>\n<script type=\"application\/ld+json\" class=\"yoast-schema-graph\">{\"@context\":\"https:\/\/schema.org\",\"@graph\":[{\"@type\":\"Organization\",\"@id\":\"https:\/\/premiumfitness.es\/#organization\",\"name\":\"Premium Fitness\",\"url\":\"https:\/\/premiumfitness.es\/\",\"sameAs\":[],\"logo\":{\"@type\":\"ImageObject\",\"@id\":\"https:\/\/premiumfitness.es\/#logo\",\"inLanguage\":\"es\",\"url\":\"https:\/\/premiumfitness.es\/wp-content\/uploads\/2021\/01\/premium-logo-web-e1611502471282.png\",\"contentUrl\":\"https:\/\/premiumfitness.es\/wp-content\/uploads\/2021\/01\/premium-logo-web-e1611502471282.png\",\"width\":300,\"height\":313,\"caption\":\"Premium Fitness\"},\"image\":{\"@id\":\"https:\/\/premiumfitness.es\/#logo\"}},{\"@type\":\"WebSite\",\"@id\":\"https:\/\/premiumfitness.es\/#website\",\"url\":\"https:\/\/premiumfitness.es\/\",\"name\":\"Premium Fitness\",\"description\":\"Equipamiento deportivo de calidad\",\"publisher\":{\"@id\":\"https:\/\/premiumfitness.es\/#organization\"},\"potentialAction\":[{\"@type\":\"SearchAction\",\"target\":{\"@type\":\"EntryPoint\",\"urlTemplate\":\"https:\/\/premiumfitness.es\/?s={search_term_string}\"},\"query-input\":\"required name=search_term_string\"}],\"inLanguage\":\"es\"},{\"@type\":\"ImageObject\",\"@id\":\"https:\/\/premiumfitness.es\/index.php\/product\/femoral-sentado-pf-x6001\/#primaryimage\",\"inLanguage\":\"es\",\"url\":\"https:\/\/premiumfitness.es\/wp-content\/uploads\/2021\/01\/femoral1.jpg\",\"contentUrl\":\"https:\/\/premiumfitness.es\/wp-content\/uploads\/2021\/01\/femoral1.jpg\",\"width\":622,\"height\":350,\"caption\":\"femoral1\"},{\"@type\":\"WebPage\",\"@id\":\"https:\/\/premiumfitness.es\/index.php\/product\/femoral-sentado-pf-x6001\/#webpage\",\"url\":\"https:\/\/premiumfitness.es\/index.php\/product\/femoral-sentado-pf-x6001\/\",\"name\":\"Femoral sentado PF-X6001 - Premium Fitness\",\"isPartOf\":{\"@id\":\"https:\/\/premiumfitness.es\/#website\"},\"primaryImageOfPage\":{\"@id\":\"https:\/\/premiumfitness.es\/index.php\/product\/femoral-sentado-pf-x6001\/#primaryimage\"},\"datePublished\":\"2021-01-26T10:29:16+00:00\",\"dateModified\":\"2021-01-26T10:35:17+00:00\",\"description\":\"M\\u00e1quina de placas Femoral sentado. El asiento y la almohadilla del respaldo ajustables. Almohadilla de rodillo tibial ajustable. Doble rodillo. Pila de pesas: 95 kg.\\u00a0\",\"breadcrumb\":{\"@id\":\"https:\/\/premiumfitness.es\/index.php\/product\/femoral-sentado-pf-x6001\/#breadcrumb\"},\"inLanguage\":\"es\",\"potentialAction\":[{\"@type\":\"ReadAction\",\"target\":[\"https:\/\/premiumfitness.es\/index.php\/product\/femoral-sentado-pf-x6001\/\"]}]},{\"@type\":\"BreadcrumbList\",\"@id\":\"https:\/\/premiumfitness.es\/index.php\/product\/femoral-sentado-pf-x6001\/#breadcrumb\",\"itemListElement\":[{\"@type\":\"ListItem\",\"position\":1,\"name\":\"Home\",\"item\":\"https:\/\/premiumfitness.es\/\"},{\"@type\":\"ListItem\",\"position\":2,\"name\":\"Shop\",\"item\":\"https:\/\/premiumfitness.es\/index.php\/shop\/\"},{\"@type\":\"ListItem\",\"position\":3,\"name\":\"Femoral sentado PF-X6001\"}]}]}<\/script>\n<!-- \/ Yoast SEO plugin. -->","yoast_head_json":{"title":"Femoral sentado PF-X6001 - Premium Fitness","description":"M\u00e1quina de placas Femoral sentado. El asiento y la almohadilla del respaldo ajustables. Almohadilla de rodillo tibial ajustable. Doble rodillo. Pila de pesas: 95 kg.\u00a0","robots":{"index":"index","follow":"follow","max-snippet":"max-snippet:-1","max-image-preview":"max-image-preview:large","max-video-preview":"max-video-preview:-1"},"canonical":"https:\/\/premiumfitness.es\/index.php\/product\/femoral-sentado-pf-x6001\/","og_locale":"es_ES","og_type":"article","og_title":"Femoral sentado PF-X6001 - Premium Fitness","og_description":"M\u00e1quina de placas Femoral sentado. El asiento y la almohadilla del respaldo ajustables. Almohadilla de rodillo tibial ajustable. Doble rodillo. Pila de pesas: 95 kg.\u00a0","og_url":"https:\/\/premiumfitness.es\/index.php\/product\/femoral-sentado-pf-x6001\/","og_site_name":"Premium Fitness","article_modified_time":"2021-01-26T10:35:17+00:00","og_image":[{"width":622,"height":350,"url":"https:\/\/premiumfitness.es\/wp-content\/uploads\/2021\/01\/femoral1.jpg","path":"\/var\/www\/vhosts\/premiumfitness.es\/httpdocs\/wp-content\/uploads\/2021\/01\/femoral1.jpg","size":"full","id":205,"alt":"femoral1","pixels":217700,"type":"image\/jpeg"}],"twitter_card":"summary_large_image","twitter_misc":{"Tiempo de lectura":"1 minuto"},"schema":{"@context":"https:\/\/schema.org","@graph":[{"@type":"Organization","@id":"https:\/\/premiumfitness.es\/#organization","name":"Premium Fitness","url":"https:\/\/premiumfitness.es\/","sameAs":[],"logo":{"@type":"ImageObject","@id":"https:\/\/premiumfitness.es\/#logo","inLanguage":"es","url":"https:\/\/premiumfitness.es\/wp-content\/uploads\/2021\/01\/premium-logo-web-e1611502471282.png","contentUrl":"https:\/\/premiumfitness.es\/wp-content\/uploads\/2021\/01\/premium-logo-web-e1611502471282.png","width":300,"height":313,"caption":"Premium Fitness"},"image":{"@id":"https:\/\/premiumfitness.es\/#logo"}},{"@type":"WebSite","@id":"https:\/\/premiumfitness.es\/#website","url":"https:\/\/premiumfitness.es\/","name":"Premium Fitness","description":"Equipamiento deportivo de calidad","publisher":{"@id":"https:\/\/premiumfitness.es\/#organization"},"potentialAction":[{"@type":"SearchAction","target":{"@type":"EntryPoint","urlTemplate":"https:\/\/premiumfitness.es\/?s={search_term_string}"},"query-input":"required name=search_term_string"}],"inLanguage":"es"},{"@type":"ImageObject","@id":"https:\/\/premiumfitness.es\/index.php\/product\/femoral-sentado-pf-x6001\/#primaryimage","inLanguage":"es","url":"https:\/\/premiumfitness.es\/wp-content\/uploads\/2021\/01\/femoral1.jpg","contentUrl":"https:\/\/premiumfitness.es\/wp-content\/uploads\/2021\/01\/femoral1.jpg","width":622,"height":350,"caption":"femoral1"},{"@type":"WebPage","@id":"https:\/\/premiumfitness.es\/index.php\/product\/femoral-sentado-pf-x6001\/#webpage","url":"https:\/\/premiumfitness.es\/index.php\/product\/femoral-sentado-pf-x6001\/","name":"Femoral sentado PF-X6001 - Premium Fitness","isPartOf":{"@id":"https:\/\/premiumfitness.es\/#website"},"primaryImageOfPage":{"@id":"https:\/\/premiumfitness.es\/index.php\/product\/femoral-sentado-pf-x6001\/#primaryimage"},"datePublished":"2021-01-26T10:29:16+00:00","dateModified":"2021-01-26T10:35:17+00:00","description":"M\u00e1quina de placas Femoral sentado. El asiento y la almohadilla del respaldo ajustables. Almohadilla de rodillo tibial ajustable. Doble rodillo. Pila de pesas: 95 kg.\u00a0","breadcrumb":{"@id":"https:\/\/premiumfitness.es\/index.php\/product\/femoral-sentado-pf-x6001\/#breadcrumb"},"inLanguage":"es","potentialAction":[{"@type":"ReadAction","target":["https:\/\/premiumfitness.es\/index.php\/product\/femoral-sentado-pf-x6001\/"]}]},{"@type":"BreadcrumbList","@id":"https:\/\/premiumfitness.es\/index.php\/product\/femoral-sentado-pf-x6001\/#breadcrumb","itemListElement":[{"@type":"ListItem","position":1,"name":"Home","item":"https:\/\/premiumfitness.es\/"},{"@type":"ListItem","position":2,"name":"Shop","item":"https:\/\/premiumfitness.es\/index.php\/shop\/"},{"@type":"ListItem","position":3,"name":"Femoral sentado PF-X6001"}]}]}},"_links":{"self":[{"href":"https:\/\/premiumfitness.es\/index.php\/wp-json\/wp\/v2\/product\/204"}],"collection":[{"href":"https:\/\/premiumfitness.es\/index.php\/wp-json\/wp\/v2\/product"}],"about":[{"href":"https:\/\/premiumfitness.es\/index.php\/wp-json\/wp\/v2\/types\/product"}],"wp:featuredmedia":[{"embeddable":true,"href":"https:\/\/premiumfitness.es\/index.php\/wp-json\/wp\/v2\/media\/205"}],"wp:attachment":[{"href":"https:\/\/premiumfitness.es\/index.php\/wp-json\/wp\/v2\/media?parent=204"}],"wp:term":[{"taxonomy":"product_cat","embeddable":true,"href":"https:\/\/premiumfitness.es\/index.php\/wp-json\/wp\/v2\/product_cat?post=204"},{"taxonomy":"product_tag","embeddable":true,"href":"https:\/\/premiumfitness.es\/index.php\/wp-json\/wp\/v2\/product_tag?post=204"}],"curies":[{"name":"wp","href":"https:\/\/api.w.org\/{rel}","templated":true}]}}