{"id":231,"date":"2021-01-27T09:13:02","date_gmt":"2021-01-27T09:13:02","guid":{"rendered":"https:\/\/premiumfitness.es\/?post_type=product&#038;p=231"},"modified":"2021-01-27T09:16:21","modified_gmt":"2021-01-27T09:16:21","slug":"maquina-de-jalon-pf-x6035","status":"publish","type":"product","link":"https:\/\/premiumfitness.es\/index.php\/product\/maquina-de-jalon-pf-x6035\/","title":{"rendered":"M\u00e1quina de jal\u00f3n  PF-X6035"},"content":{"rendered":"<p>[et_pb_section fb_built=\u00bb1&#8243; _builder_version=\u00bb3.22&#8243; custom_padding=\u00bb0px||||false|false\u00bb][et_pb_row _builder_version=\u00bb3.25&#8243; background_size=\u00bbinitial\u00bb background_position=\u00bbtop_left\u00bb background_repeat=\u00bbrepeat\u00bb width=\u00bb100%\u00bb custom_padding=\u00bb0px||0px||false|false\u00bb][et_pb_column type=\u00bb4_4&#8243; _builder_version=\u00bb3.25&#8243; custom_padding=\u00bb|||\u00bb custom_padding__hover=\u00bb|||\u00bb][et_pb_wc_breadcrumb _builder_version=\u00bb3.0.47&#8243;][\/et_pb_wc_breadcrumb][et_pb_wc_cart_notice _builder_version=\u00bb3.0.47&#8243;][\/et_pb_wc_cart_notice][et_pb_wc_cart_notice _builder_version=\u00bb3.0.47&#8243;][\/et_pb_wc_cart_notice][et_pb_wc_cart_notice _builder_version=\u00bb3.0.47&#8243;][\/et_pb_wc_cart_notice][\/et_pb_column][\/et_pb_row][et_pb_row column_structure=\u00bb1_2,1_2&#8243; _builder_version=\u00bb3.25&#8243; background_size=\u00bbinitial\u00bb background_position=\u00bbtop_left\u00bb background_repeat=\u00bbrepeat\u00bb width=\u00bb100%\u00bb custom_padding=\u00bb0px||||false|false\u00bb][et_pb_column type=\u00bb1_2&#8243; _builder_version=\u00bb3.25&#8243; custom_padding=\u00bb|||\u00bb custom_padding__hover=\u00bb|||\u00bb][et_pb_wc_images _builder_version=\u00bb3.0.47&#8243;][\/et_pb_wc_images][\/et_pb_column][et_pb_column type=\u00bb1_2&#8243; _builder_version=\u00bb3.25&#8243; custom_padding=\u00bb|||\u00bb custom_padding__hover=\u00bb|||\u00bb][et_pb_wc_title _builder_version=\u00bb3.0.47&#8243;][\/et_pb_wc_title][et_pb_wc_rating _builder_version=\u00bb3.0.47&#8243;][\/et_pb_wc_rating][et_pb_wc_price _builder_version=\u00bb3.0.47&#8243;][\/et_pb_wc_price][et_pb_wc_description _builder_version=\u00bb3.0.47&#8243;][\/et_pb_wc_description][et_pb_wc_add_to_cart _builder_version=\u00bb3.0.47&#8243;][\/et_pb_wc_add_to_cart][et_pb_wc_meta _builder_version=\u00bb3.0.47&#8243;][\/et_pb_wc_meta][\/et_pb_column][\/et_pb_row][et_pb_row _builder_version=\u00bb3.25&#8243; background_size=\u00bbinitial\u00bb background_position=\u00bbtop_left\u00bb background_repeat=\u00bbrepeat\u00bb width=\u00bb100%\u00bb][et_pb_column type=\u00bb4_4&#8243; _builder_version=\u00bb3.25&#8243; custom_padding=\u00bb|||\u00bb custom_padding__hover=\u00bb|||\u00bb][et_pb_wc_tabs _builder_version=\u00bb3.0.47&#8243;] [\/et_pb_wc_tabs][et_pb_wc_upsells _builder_version=\u00bb3.0.47&#8243;][\/et_pb_wc_upsells][et_pb_wc_related_products _builder_version=\u00bb3.0.47&#8243;][\/et_pb_wc_related_products][\/et_pb_column][\/et_pb_row][\/et_pb_section]<\/p>\n","protected":false},"excerpt":{"rendered":"<p>M\u00e1quina de Jal\u00f3n. Tracci\u00f3n vertical especialmente dise\u00f1ada fortalece los m\u00fasculos de la parte superior del cuerpo de una manera segura y eficaz.. Los dos brazos tienen una acci\u00f3n independiente para una mayor coordinaci\u00f3n que resulta en un desarrollo equilibrado de la fuerza. Pila de pesas: 100 kg.<\/p>\n","protected":false},"featured_media":232,"template":"","meta":{"_et_pb_use_builder":"on","_et_pb_old_content":"N\u00famero de art\u00edculo: PF-X6035\r\n\r\nNombre: M\u00e1quina de jal\u00f3n\r\n\r\nTama\u00f1o de la m\u00e1quina (L * W * H) mm: 1335 * 950 * 1870\r\n\r\nTubo: tubo de acero ovalado de 60 * 120 * 3 mm\r\n\r\nPila de pesas: 100 kg\r\n\r\nPeso de la m\u00e1quina: 265 kg\r\n\r\nCaracter\u00edsticas:\r\n<ul>\r\n \t<li>La tracci\u00f3n vertical especialmente dise\u00f1ada fortalece los m\u00fasculos de la parte superior del cuerpo de una manera segura y eficaz.<\/li>\r\n \t<li>La palanca de inicio del pie le permite comenzar a hacer ejercicio sin necesidad de ajustar la posici\u00f3n inicial, lo que facilita el movimiento inicial.<\/li>\r\n \t<li>Los dos brazos tienen una acci\u00f3n independiente para una mayor coordinaci\u00f3n que resulta en un desarrollo equilibrado de la fuerza.\u00a0El plano de movimiento est\u00e1 ligeramente por delante de los hombros para brindar comodidad durante el ejercicio.<\/li>\r\n<\/ul>","_et_gb_content_width":""},"product_cat":[19],"product_tag":[73,47,50],"yoast_head":"<!-- This site is optimized with the Yoast SEO plugin v17.0 - https:\/\/yoast.com\/wordpress\/plugins\/seo\/ -->\n<title>M\u00e1quina de jal\u00f3n PF-X6035 - Premium Fitness<\/title>\n<meta name=\"description\" content=\"M\u00e1quina de Jal\u00f3n. Tracci\u00f3n vertical especialmente dise\u00f1ada fortalece los m\u00fasculos de la parte superior del cuerpo de una manera segura y eficaz.. Los dos brazos tienen una acci\u00f3n independiente para una mayor coordinaci\u00f3n que resulta en un desarrollo equilibrado de la fuerza. Pila de pesas: 100 kg.\" \/>\n<meta name=\"robots\" content=\"index, follow, max-snippet:-1, max-image-preview:large, max-video-preview:-1\" \/>\n<link rel=\"canonical\" href=\"https:\/\/premiumfitness.es\/index.php\/product\/maquina-de-jalon-pf-x6035\/\" \/>\n<meta property=\"og:locale\" content=\"es_ES\" \/>\n<meta property=\"og:type\" content=\"article\" \/>\n<meta property=\"og:title\" content=\"M\u00e1quina de jal\u00f3n PF-X6035 - Premium Fitness\" \/>\n<meta property=\"og:description\" content=\"M\u00e1quina de Jal\u00f3n. Tracci\u00f3n vertical especialmente dise\u00f1ada fortalece los m\u00fasculos de la parte superior del cuerpo de una manera segura y eficaz.. Los dos brazos tienen una acci\u00f3n independiente para una mayor coordinaci\u00f3n que resulta en un desarrollo equilibrado de la fuerza. Pila de pesas: 100 kg.\" \/>\n<meta property=\"og:url\" content=\"https:\/\/premiumfitness.es\/index.php\/product\/maquina-de-jalon-pf-x6035\/\" \/>\n<meta property=\"og:site_name\" content=\"Premium Fitness\" \/>\n<meta property=\"article:modified_time\" content=\"2021-01-27T09:16:21+00:00\" \/>\n<meta property=\"og:image\" content=\"https:\/\/premiumfitness.es\/wp-content\/uploads\/2021\/01\/jalon.jpg\" \/>\n\t<meta property=\"og:image:width\" content=\"638\" \/>\n\t<meta property=\"og:image:height\" content=\"361\" \/>\n<meta name=\"twitter:card\" content=\"summary_large_image\" \/>\n<meta name=\"twitter:label1\" content=\"Tiempo de lectura\" \/>\n\t<meta name=\"twitter:data1\" content=\"1 minuto\" \/>\n<script type=\"application\/ld+json\" class=\"yoast-schema-graph\">{\"@context\":\"https:\/\/schema.org\",\"@graph\":[{\"@type\":\"Organization\",\"@id\":\"https:\/\/premiumfitness.es\/#organization\",\"name\":\"Premium Fitness\",\"url\":\"https:\/\/premiumfitness.es\/\",\"sameAs\":[],\"logo\":{\"@type\":\"ImageObject\",\"@id\":\"https:\/\/premiumfitness.es\/#logo\",\"inLanguage\":\"es\",\"url\":\"https:\/\/premiumfitness.es\/wp-content\/uploads\/2021\/01\/premium-logo-web-e1611502471282.png\",\"contentUrl\":\"https:\/\/premiumfitness.es\/wp-content\/uploads\/2021\/01\/premium-logo-web-e1611502471282.png\",\"width\":300,\"height\":313,\"caption\":\"Premium Fitness\"},\"image\":{\"@id\":\"https:\/\/premiumfitness.es\/#logo\"}},{\"@type\":\"WebSite\",\"@id\":\"https:\/\/premiumfitness.es\/#website\",\"url\":\"https:\/\/premiumfitness.es\/\",\"name\":\"Premium Fitness\",\"description\":\"Equipamiento deportivo de calidad\",\"publisher\":{\"@id\":\"https:\/\/premiumfitness.es\/#organization\"},\"potentialAction\":[{\"@type\":\"SearchAction\",\"target\":{\"@type\":\"EntryPoint\",\"urlTemplate\":\"https:\/\/premiumfitness.es\/?s={search_term_string}\"},\"query-input\":\"required name=search_term_string\"}],\"inLanguage\":\"es\"},{\"@type\":\"ImageObject\",\"@id\":\"https:\/\/premiumfitness.es\/index.php\/product\/maquina-de-jalon-pf-x6035\/#primaryimage\",\"inLanguage\":\"es\",\"url\":\"https:\/\/premiumfitness.es\/wp-content\/uploads\/2021\/01\/jalon.jpg\",\"contentUrl\":\"https:\/\/premiumfitness.es\/wp-content\/uploads\/2021\/01\/jalon.jpg\",\"width\":638,\"height\":361,\"caption\":\"jalon\"},{\"@type\":\"WebPage\",\"@id\":\"https:\/\/premiumfitness.es\/index.php\/product\/maquina-de-jalon-pf-x6035\/#webpage\",\"url\":\"https:\/\/premiumfitness.es\/index.php\/product\/maquina-de-jalon-pf-x6035\/\",\"name\":\"M\\u00e1quina de jal\\u00f3n PF-X6035 - Premium Fitness\",\"isPartOf\":{\"@id\":\"https:\/\/premiumfitness.es\/#website\"},\"primaryImageOfPage\":{\"@id\":\"https:\/\/premiumfitness.es\/index.php\/product\/maquina-de-jalon-pf-x6035\/#primaryimage\"},\"datePublished\":\"2021-01-27T09:13:02+00:00\",\"dateModified\":\"2021-01-27T09:16:21+00:00\",\"description\":\"M\\u00e1quina de Jal\\u00f3n. Tracci\\u00f3n vertical especialmente dise\\u00f1ada fortalece los m\\u00fasculos de la parte superior del cuerpo de una manera segura y eficaz.. Los dos brazos tienen una acci\\u00f3n independiente para una mayor coordinaci\\u00f3n que resulta en un desarrollo equilibrado de la fuerza. Pila de pesas: 100 kg.\",\"breadcrumb\":{\"@id\":\"https:\/\/premiumfitness.es\/index.php\/product\/maquina-de-jalon-pf-x6035\/#breadcrumb\"},\"inLanguage\":\"es\",\"potentialAction\":[{\"@type\":\"ReadAction\",\"target\":[\"https:\/\/premiumfitness.es\/index.php\/product\/maquina-de-jalon-pf-x6035\/\"]}]},{\"@type\":\"BreadcrumbList\",\"@id\":\"https:\/\/premiumfitness.es\/index.php\/product\/maquina-de-jalon-pf-x6035\/#breadcrumb\",\"itemListElement\":[{\"@type\":\"ListItem\",\"position\":1,\"name\":\"Home\",\"item\":\"https:\/\/premiumfitness.es\/\"},{\"@type\":\"ListItem\",\"position\":2,\"name\":\"Shop\",\"item\":\"https:\/\/premiumfitness.es\/index.php\/shop\/\"},{\"@type\":\"ListItem\",\"position\":3,\"name\":\"M\\u00e1quina de jal\\u00f3n PF-X6035\"}]}]}<\/script>\n<!-- \/ Yoast SEO plugin. -->","yoast_head_json":{"title":"M\u00e1quina de jal\u00f3n PF-X6035 - Premium Fitness","description":"M\u00e1quina de Jal\u00f3n. Tracci\u00f3n vertical especialmente dise\u00f1ada fortalece los m\u00fasculos de la parte superior del cuerpo de una manera segura y eficaz.. Los dos brazos tienen una acci\u00f3n independiente para una mayor coordinaci\u00f3n que resulta en un desarrollo equilibrado de la fuerza. Pila de pesas: 100 kg.","robots":{"index":"index","follow":"follow","max-snippet":"max-snippet:-1","max-image-preview":"max-image-preview:large","max-video-preview":"max-video-preview:-1"},"canonical":"https:\/\/premiumfitness.es\/index.php\/product\/maquina-de-jalon-pf-x6035\/","og_locale":"es_ES","og_type":"article","og_title":"M\u00e1quina de jal\u00f3n PF-X6035 - Premium Fitness","og_description":"M\u00e1quina de Jal\u00f3n. Tracci\u00f3n vertical especialmente dise\u00f1ada fortalece los m\u00fasculos de la parte superior del cuerpo de una manera segura y eficaz.. Los dos brazos tienen una acci\u00f3n independiente para una mayor coordinaci\u00f3n que resulta en un desarrollo equilibrado de la fuerza. Pila de pesas: 100 kg.","og_url":"https:\/\/premiumfitness.es\/index.php\/product\/maquina-de-jalon-pf-x6035\/","og_site_name":"Premium Fitness","article_modified_time":"2021-01-27T09:16:21+00:00","og_image":[{"width":638,"height":361,"url":"https:\/\/premiumfitness.es\/wp-content\/uploads\/2021\/01\/jalon.jpg","path":"\/var\/www\/vhosts\/premiumfitness.es\/httpdocs\/wp-content\/uploads\/2021\/01\/jalon.jpg","size":"full","id":232,"alt":"jalon","pixels":230318,"type":"image\/jpeg"}],"twitter_card":"summary_large_image","twitter_misc":{"Tiempo de lectura":"1 minuto"},"schema":{"@context":"https:\/\/schema.org","@graph":[{"@type":"Organization","@id":"https:\/\/premiumfitness.es\/#organization","name":"Premium Fitness","url":"https:\/\/premiumfitness.es\/","sameAs":[],"logo":{"@type":"ImageObject","@id":"https:\/\/premiumfitness.es\/#logo","inLanguage":"es","url":"https:\/\/premiumfitness.es\/wp-content\/uploads\/2021\/01\/premium-logo-web-e1611502471282.png","contentUrl":"https:\/\/premiumfitness.es\/wp-content\/uploads\/2021\/01\/premium-logo-web-e1611502471282.png","width":300,"height":313,"caption":"Premium Fitness"},"image":{"@id":"https:\/\/premiumfitness.es\/#logo"}},{"@type":"WebSite","@id":"https:\/\/premiumfitness.es\/#website","url":"https:\/\/premiumfitness.es\/","name":"Premium Fitness","description":"Equipamiento deportivo de calidad","publisher":{"@id":"https:\/\/premiumfitness.es\/#organization"},"potentialAction":[{"@type":"SearchAction","target":{"@type":"EntryPoint","urlTemplate":"https:\/\/premiumfitness.es\/?s={search_term_string}"},"query-input":"required name=search_term_string"}],"inLanguage":"es"},{"@type":"ImageObject","@id":"https:\/\/premiumfitness.es\/index.php\/product\/maquina-de-jalon-pf-x6035\/#primaryimage","inLanguage":"es","url":"https:\/\/premiumfitness.es\/wp-content\/uploads\/2021\/01\/jalon.jpg","contentUrl":"https:\/\/premiumfitness.es\/wp-content\/uploads\/2021\/01\/jalon.jpg","width":638,"height":361,"caption":"jalon"},{"@type":"WebPage","@id":"https:\/\/premiumfitness.es\/index.php\/product\/maquina-de-jalon-pf-x6035\/#webpage","url":"https:\/\/premiumfitness.es\/index.php\/product\/maquina-de-jalon-pf-x6035\/","name":"M\u00e1quina de jal\u00f3n PF-X6035 - Premium Fitness","isPartOf":{"@id":"https:\/\/premiumfitness.es\/#website"},"primaryImageOfPage":{"@id":"https:\/\/premiumfitness.es\/index.php\/product\/maquina-de-jalon-pf-x6035\/#primaryimage"},"datePublished":"2021-01-27T09:13:02+00:00","dateModified":"2021-01-27T09:16:21+00:00","description":"M\u00e1quina de Jal\u00f3n. Tracci\u00f3n vertical especialmente dise\u00f1ada fortalece los m\u00fasculos de la parte superior del cuerpo de una manera segura y eficaz.. Los dos brazos tienen una acci\u00f3n independiente para una mayor coordinaci\u00f3n que resulta en un desarrollo equilibrado de la fuerza. Pila de pesas: 100 kg.","breadcrumb":{"@id":"https:\/\/premiumfitness.es\/index.php\/product\/maquina-de-jalon-pf-x6035\/#breadcrumb"},"inLanguage":"es","potentialAction":[{"@type":"ReadAction","target":["https:\/\/premiumfitness.es\/index.php\/product\/maquina-de-jalon-pf-x6035\/"]}]},{"@type":"BreadcrumbList","@id":"https:\/\/premiumfitness.es\/index.php\/product\/maquina-de-jalon-pf-x6035\/#breadcrumb","itemListElement":[{"@type":"ListItem","position":1,"name":"Home","item":"https:\/\/premiumfitness.es\/"},{"@type":"ListItem","position":2,"name":"Shop","item":"https:\/\/premiumfitness.es\/index.php\/shop\/"},{"@type":"ListItem","position":3,"name":"M\u00e1quina de jal\u00f3n PF-X6035"}]}]}},"_links":{"self":[{"href":"https:\/\/premiumfitness.es\/index.php\/wp-json\/wp\/v2\/product\/231"}],"collection":[{"href":"https:\/\/premiumfitness.es\/index.php\/wp-json\/wp\/v2\/product"}],"about":[{"href":"https:\/\/premiumfitness.es\/index.php\/wp-json\/wp\/v2\/types\/product"}],"wp:featuredmedia":[{"embeddable":true,"href":"https:\/\/premiumfitness.es\/index.php\/wp-json\/wp\/v2\/media\/232"}],"wp:attachment":[{"href":"https:\/\/premiumfitness.es\/index.php\/wp-json\/wp\/v2\/media?parent=231"}],"wp:term":[{"taxonomy":"product_cat","embeddable":true,"href":"https:\/\/premiumfitness.es\/index.php\/wp-json\/wp\/v2\/product_cat?post=231"},{"taxonomy":"product_tag","embeddable":true,"href":"https:\/\/premiumfitness.es\/index.php\/wp-json\/wp\/v2\/product_tag?post=231"}],"curies":[{"name":"wp","href":"https:\/\/api.w.org\/{rel}","templated":true}]}}