{"id":644,"date":"2021-03-01T10:55:10","date_gmt":"2021-03-01T10:55:10","guid":{"rendered":"https:\/\/premiumfitness.es\/?post_type=product&#038;p=644"},"modified":"2021-03-01T10:57:57","modified_gmt":"2021-03-01T10:57:57","slug":"abductores-pf-z7317","status":"publish","type":"product","link":"https:\/\/premiumfitness.es\/index.php\/product\/abductores-pf-z7317\/","title":{"rendered":"Abductores  PF-Z7317"},"content":{"rendered":"<p>[et_pb_section fb_built=\u00bb1&#8243; _builder_version=\u00bb3.22&#8243; custom_padding=\u00bb0px||||false|false\u00bb][et_pb_row _builder_version=\u00bb3.25&#8243; background_size=\u00bbinitial\u00bb background_position=\u00bbtop_left\u00bb background_repeat=\u00bbrepeat\u00bb width=\u00bb100%\u00bb custom_padding=\u00bb0px||0px||false|false\u00bb][et_pb_column type=\u00bb4_4&#8243; _builder_version=\u00bb3.25&#8243; custom_padding=\u00bb|||\u00bb custom_padding__hover=\u00bb|||\u00bb][et_pb_wc_breadcrumb _builder_version=\u00bb3.0.47&#8243;][\/et_pb_wc_breadcrumb][et_pb_wc_cart_notice _builder_version=\u00bb3.0.47&#8243;][\/et_pb_wc_cart_notice][et_pb_wc_cart_notice _builder_version=\u00bb3.0.47&#8243;][\/et_pb_wc_cart_notice][\/et_pb_column][\/et_pb_row][et_pb_row column_structure=\u00bb1_2,1_2&#8243; _builder_version=\u00bb3.25&#8243; background_size=\u00bbinitial\u00bb background_position=\u00bbtop_left\u00bb background_repeat=\u00bbrepeat\u00bb width=\u00bb100%\u00bb custom_padding=\u00bb0px||||false|false\u00bb][et_pb_column type=\u00bb1_2&#8243; _builder_version=\u00bb3.25&#8243; custom_padding=\u00bb|||\u00bb custom_padding__hover=\u00bb|||\u00bb][et_pb_wc_images _builder_version=\u00bb3.0.47&#8243;][\/et_pb_wc_images][\/et_pb_column][et_pb_column type=\u00bb1_2&#8243; _builder_version=\u00bb3.25&#8243; custom_padding=\u00bb|||\u00bb custom_padding__hover=\u00bb|||\u00bb][et_pb_wc_title _builder_version=\u00bb3.0.47&#8243;][\/et_pb_wc_title][et_pb_wc_rating _builder_version=\u00bb3.0.47&#8243;][\/et_pb_wc_rating][et_pb_wc_price _builder_version=\u00bb3.0.47&#8243;][\/et_pb_wc_price][et_pb_wc_description _builder_version=\u00bb3.0.47&#8243;][\/et_pb_wc_description][et_pb_wc_add_to_cart _builder_version=\u00bb3.0.47&#8243;][\/et_pb_wc_add_to_cart][et_pb_wc_meta _builder_version=\u00bb3.0.47&#8243;][\/et_pb_wc_meta][\/et_pb_column][\/et_pb_row][et_pb_row _builder_version=\u00bb3.25&#8243; background_size=\u00bbinitial\u00bb background_position=\u00bbtop_left\u00bb background_repeat=\u00bbrepeat\u00bb width=\u00bb100%\u00bb][et_pb_column type=\u00bb4_4&#8243; _builder_version=\u00bb3.25&#8243; custom_padding=\u00bb|||\u00bb custom_padding__hover=\u00bb|||\u00bb][et_pb_wc_tabs admin_label=\u00bbWoo Tabs\u00bb _builder_version=\u00bb3.0.47&#8243;] [\/et_pb_wc_tabs][et_pb_wc_upsells _builder_version=\u00bb3.0.47&#8243;][\/et_pb_wc_upsells][et_pb_wc_related_products _builder_version=\u00bb3.0.47&#8243;][\/et_pb_wc_related_products][\/et_pb_column][\/et_pb_row][\/et_pb_section]<\/p>\n","protected":false},"excerpt":{"rendered":"<p>M\u00e1quina Abductores Serie Z. El ajuste del rango de movimiento se adapta a la posici\u00f3n inicial. Inicia el cuerpo en una posici\u00f3n hacia adelante para mejorar la comodidad del usuario. Peso de trabajo: 100 Kg.<\/p>\n","protected":false},"featured_media":645,"template":"","meta":{"_et_pb_use_builder":"on","_et_pb_old_content":"N\u00famero de art\u00edculo: PF-Z7317\r\nNombre: Abductores en m\u00e1quina de placas.\r\nTama\u00f1o mm: 2000*1600*1540mm\r\nTubo: tubo de acero redondo de 76*3, 60*3, 114*2, 75*75*3mm\r\nPeso de la m\u00e1quina: 245 kg\r\nPeso de trabajo: 100 kg.\r\nCable: 5.8 mm\r\nCaracter\u00edsticas:\r\n- El ajuste del rango de movimiento se adapta a la posici\u00f3n inicial\r\n- Inicia el cuerpo en una posici\u00f3n hacia adelante para mejorar la comodidad del usuario colocando las caderas para un movimiento de ejercicio \u00f3ptimo mientras se mantiene la alineaci\u00f3n adecuada de la columna. \r\n- El movimiento de balanceo hacia atr\u00e1s reduce la tensi\u00f3n en la zona lumbar al permitir que las caderas se incline naturalmente hacia atr\u00e1s y reduce la tensi\u00f3n en la columna.\r\n","_et_gb_content_width":""},"product_cat":[19,128],"product_tag":[131,47,50,91],"yoast_head":"<!-- This site is optimized with the Yoast SEO plugin v17.0 - https:\/\/yoast.com\/wordpress\/plugins\/seo\/ -->\n<title>Abductores PF-Z7317 - Premium Fitness<\/title>\n<meta name=\"description\" content=\"M\u00e1quina Abductores Serie Z. El ajuste del rango de movimiento se adapta a la posici\u00f3n inicial. Inicia el cuerpo en una posici\u00f3n hacia adelante para mejorar la comodidad del usuario. Peso de trabajo: 100 Kg.\" \/>\n<meta name=\"robots\" content=\"index, follow, max-snippet:-1, max-image-preview:large, max-video-preview:-1\" \/>\n<link rel=\"canonical\" href=\"https:\/\/premiumfitness.es\/index.php\/product\/abductores-pf-z7317\/\" \/>\n<meta property=\"og:locale\" content=\"es_ES\" \/>\n<meta property=\"og:type\" content=\"article\" \/>\n<meta property=\"og:title\" content=\"Abductores PF-Z7317 - Premium Fitness\" \/>\n<meta property=\"og:description\" content=\"M\u00e1quina Abductores Serie Z. El ajuste del rango de movimiento se adapta a la posici\u00f3n inicial. Inicia el cuerpo en una posici\u00f3n hacia adelante para mejorar la comodidad del usuario. Peso de trabajo: 100 Kg.\" \/>\n<meta property=\"og:url\" content=\"https:\/\/premiumfitness.es\/index.php\/product\/abductores-pf-z7317\/\" \/>\n<meta property=\"og:site_name\" content=\"Premium Fitness\" \/>\n<meta property=\"article:modified_time\" content=\"2021-03-01T10:57:57+00:00\" \/>\n<meta property=\"og:image\" content=\"https:\/\/premiumfitness.es\/wp-content\/uploads\/2021\/03\/PF-Z7317-scaled.jpg\" \/>\n\t<meta property=\"og:image:width\" content=\"2560\" \/>\n\t<meta property=\"og:image:height\" content=\"1677\" \/>\n<meta name=\"twitter:card\" content=\"summary_large_image\" \/>\n<meta name=\"twitter:label1\" content=\"Tiempo de lectura\" \/>\n\t<meta name=\"twitter:data1\" content=\"1 minuto\" \/>\n<script type=\"application\/ld+json\" class=\"yoast-schema-graph\">{\"@context\":\"https:\/\/schema.org\",\"@graph\":[{\"@type\":\"Organization\",\"@id\":\"https:\/\/premiumfitness.es\/#organization\",\"name\":\"Premium Fitness\",\"url\":\"https:\/\/premiumfitness.es\/\",\"sameAs\":[],\"logo\":{\"@type\":\"ImageObject\",\"@id\":\"https:\/\/premiumfitness.es\/#logo\",\"inLanguage\":\"es\",\"url\":\"https:\/\/premiumfitness.es\/wp-content\/uploads\/2021\/01\/premium-logo-web-e1611502471282.png\",\"contentUrl\":\"https:\/\/premiumfitness.es\/wp-content\/uploads\/2021\/01\/premium-logo-web-e1611502471282.png\",\"width\":300,\"height\":313,\"caption\":\"Premium Fitness\"},\"image\":{\"@id\":\"https:\/\/premiumfitness.es\/#logo\"}},{\"@type\":\"WebSite\",\"@id\":\"https:\/\/premiumfitness.es\/#website\",\"url\":\"https:\/\/premiumfitness.es\/\",\"name\":\"Premium Fitness\",\"description\":\"Equipamiento deportivo de calidad\",\"publisher\":{\"@id\":\"https:\/\/premiumfitness.es\/#organization\"},\"potentialAction\":[{\"@type\":\"SearchAction\",\"target\":{\"@type\":\"EntryPoint\",\"urlTemplate\":\"https:\/\/premiumfitness.es\/?s={search_term_string}\"},\"query-input\":\"required name=search_term_string\"}],\"inLanguage\":\"es\"},{\"@type\":\"ImageObject\",\"@id\":\"https:\/\/premiumfitness.es\/index.php\/product\/abductores-pf-z7317\/#primaryimage\",\"inLanguage\":\"es\",\"url\":\"https:\/\/premiumfitness.es\/wp-content\/uploads\/2021\/03\/PF-Z7317-scaled.jpg\",\"contentUrl\":\"https:\/\/premiumfitness.es\/wp-content\/uploads\/2021\/03\/PF-Z7317-scaled.jpg\",\"width\":2560,\"height\":1677,\"caption\":\"pfz7317\"},{\"@type\":\"WebPage\",\"@id\":\"https:\/\/premiumfitness.es\/index.php\/product\/abductores-pf-z7317\/#webpage\",\"url\":\"https:\/\/premiumfitness.es\/index.php\/product\/abductores-pf-z7317\/\",\"name\":\"Abductores PF-Z7317 - Premium Fitness\",\"isPartOf\":{\"@id\":\"https:\/\/premiumfitness.es\/#website\"},\"primaryImageOfPage\":{\"@id\":\"https:\/\/premiumfitness.es\/index.php\/product\/abductores-pf-z7317\/#primaryimage\"},\"datePublished\":\"2021-03-01T10:55:10+00:00\",\"dateModified\":\"2021-03-01T10:57:57+00:00\",\"description\":\"M\\u00e1quina Abductores Serie Z. El ajuste del rango de movimiento se adapta a la posici\\u00f3n inicial. Inicia el cuerpo en una posici\\u00f3n hacia adelante para mejorar la comodidad del usuario. Peso de trabajo: 100 Kg.\",\"breadcrumb\":{\"@id\":\"https:\/\/premiumfitness.es\/index.php\/product\/abductores-pf-z7317\/#breadcrumb\"},\"inLanguage\":\"es\",\"potentialAction\":[{\"@type\":\"ReadAction\",\"target\":[\"https:\/\/premiumfitness.es\/index.php\/product\/abductores-pf-z7317\/\"]}]},{\"@type\":\"BreadcrumbList\",\"@id\":\"https:\/\/premiumfitness.es\/index.php\/product\/abductores-pf-z7317\/#breadcrumb\",\"itemListElement\":[{\"@type\":\"ListItem\",\"position\":1,\"name\":\"Home\",\"item\":\"https:\/\/premiumfitness.es\/\"},{\"@type\":\"ListItem\",\"position\":2,\"name\":\"Shop\",\"item\":\"https:\/\/premiumfitness.es\/index.php\/shop\/\"},{\"@type\":\"ListItem\",\"position\":3,\"name\":\"Abductores PF-Z7317\"}]}]}<\/script>\n<!-- \/ Yoast SEO plugin. -->","yoast_head_json":{"title":"Abductores PF-Z7317 - Premium Fitness","description":"M\u00e1quina Abductores Serie Z. El ajuste del rango de movimiento se adapta a la posici\u00f3n inicial. Inicia el cuerpo en una posici\u00f3n hacia adelante para mejorar la comodidad del usuario. Peso de trabajo: 100 Kg.","robots":{"index":"index","follow":"follow","max-snippet":"max-snippet:-1","max-image-preview":"max-image-preview:large","max-video-preview":"max-video-preview:-1"},"canonical":"https:\/\/premiumfitness.es\/index.php\/product\/abductores-pf-z7317\/","og_locale":"es_ES","og_type":"article","og_title":"Abductores PF-Z7317 - Premium Fitness","og_description":"M\u00e1quina Abductores Serie Z. El ajuste del rango de movimiento se adapta a la posici\u00f3n inicial. Inicia el cuerpo en una posici\u00f3n hacia adelante para mejorar la comodidad del usuario. Peso de trabajo: 100 Kg.","og_url":"https:\/\/premiumfitness.es\/index.php\/product\/abductores-pf-z7317\/","og_site_name":"Premium Fitness","article_modified_time":"2021-03-01T10:57:57+00:00","og_image":[{"width":2560,"height":1677,"url":"https:\/\/premiumfitness.es\/wp-content\/uploads\/2021\/03\/PF-Z7317-scaled.jpg","path":"\/var\/www\/vhosts\/premiumfitness.es\/httpdocs\/wp-content\/uploads\/2021\/03\/PF-Z7317-scaled.jpg","size":"full","id":645,"alt":"pfz7317","pixels":4293120,"type":"image\/jpeg"}],"twitter_card":"summary_large_image","twitter_misc":{"Tiempo de lectura":"1 minuto"},"schema":{"@context":"https:\/\/schema.org","@graph":[{"@type":"Organization","@id":"https:\/\/premiumfitness.es\/#organization","name":"Premium Fitness","url":"https:\/\/premiumfitness.es\/","sameAs":[],"logo":{"@type":"ImageObject","@id":"https:\/\/premiumfitness.es\/#logo","inLanguage":"es","url":"https:\/\/premiumfitness.es\/wp-content\/uploads\/2021\/01\/premium-logo-web-e1611502471282.png","contentUrl":"https:\/\/premiumfitness.es\/wp-content\/uploads\/2021\/01\/premium-logo-web-e1611502471282.png","width":300,"height":313,"caption":"Premium Fitness"},"image":{"@id":"https:\/\/premiumfitness.es\/#logo"}},{"@type":"WebSite","@id":"https:\/\/premiumfitness.es\/#website","url":"https:\/\/premiumfitness.es\/","name":"Premium Fitness","description":"Equipamiento deportivo de calidad","publisher":{"@id":"https:\/\/premiumfitness.es\/#organization"},"potentialAction":[{"@type":"SearchAction","target":{"@type":"EntryPoint","urlTemplate":"https:\/\/premiumfitness.es\/?s={search_term_string}"},"query-input":"required name=search_term_string"}],"inLanguage":"es"},{"@type":"ImageObject","@id":"https:\/\/premiumfitness.es\/index.php\/product\/abductores-pf-z7317\/#primaryimage","inLanguage":"es","url":"https:\/\/premiumfitness.es\/wp-content\/uploads\/2021\/03\/PF-Z7317-scaled.jpg","contentUrl":"https:\/\/premiumfitness.es\/wp-content\/uploads\/2021\/03\/PF-Z7317-scaled.jpg","width":2560,"height":1677,"caption":"pfz7317"},{"@type":"WebPage","@id":"https:\/\/premiumfitness.es\/index.php\/product\/abductores-pf-z7317\/#webpage","url":"https:\/\/premiumfitness.es\/index.php\/product\/abductores-pf-z7317\/","name":"Abductores PF-Z7317 - Premium Fitness","isPartOf":{"@id":"https:\/\/premiumfitness.es\/#website"},"primaryImageOfPage":{"@id":"https:\/\/premiumfitness.es\/index.php\/product\/abductores-pf-z7317\/#primaryimage"},"datePublished":"2021-03-01T10:55:10+00:00","dateModified":"2021-03-01T10:57:57+00:00","description":"M\u00e1quina Abductores Serie Z. El ajuste del rango de movimiento se adapta a la posici\u00f3n inicial. Inicia el cuerpo en una posici\u00f3n hacia adelante para mejorar la comodidad del usuario. Peso de trabajo: 100 Kg.","breadcrumb":{"@id":"https:\/\/premiumfitness.es\/index.php\/product\/abductores-pf-z7317\/#breadcrumb"},"inLanguage":"es","potentialAction":[{"@type":"ReadAction","target":["https:\/\/premiumfitness.es\/index.php\/product\/abductores-pf-z7317\/"]}]},{"@type":"BreadcrumbList","@id":"https:\/\/premiumfitness.es\/index.php\/product\/abductores-pf-z7317\/#breadcrumb","itemListElement":[{"@type":"ListItem","position":1,"name":"Home","item":"https:\/\/premiumfitness.es\/"},{"@type":"ListItem","position":2,"name":"Shop","item":"https:\/\/premiumfitness.es\/index.php\/shop\/"},{"@type":"ListItem","position":3,"name":"Abductores PF-Z7317"}]}]}},"_links":{"self":[{"href":"https:\/\/premiumfitness.es\/index.php\/wp-json\/wp\/v2\/product\/644"}],"collection":[{"href":"https:\/\/premiumfitness.es\/index.php\/wp-json\/wp\/v2\/product"}],"about":[{"href":"https:\/\/premiumfitness.es\/index.php\/wp-json\/wp\/v2\/types\/product"}],"wp:featuredmedia":[{"embeddable":true,"href":"https:\/\/premiumfitness.es\/index.php\/wp-json\/wp\/v2\/media\/645"}],"wp:attachment":[{"href":"https:\/\/premiumfitness.es\/index.php\/wp-json\/wp\/v2\/media?parent=644"}],"wp:term":[{"taxonomy":"product_cat","embeddable":true,"href":"https:\/\/premiumfitness.es\/index.php\/wp-json\/wp\/v2\/product_cat?post=644"},{"taxonomy":"product_tag","embeddable":true,"href":"https:\/\/premiumfitness.es\/index.php\/wp-json\/wp\/v2\/product_tag?post=644"}],"curies":[{"name":"wp","href":"https:\/\/api.w.org\/{rel}","templated":true}]}}